{"id":539,"date":"2024-11-01T11:43:50","date_gmt":"2024-11-01T10:43:50","guid":{"rendered":"https:\/\/team.gut-werbung.ch\/?page_id=539"},"modified":"2025-11-21T14:31:42","modified_gmt":"2025-11-21T13:31:42","slug":"home","status":"publish","type":"page","link":"https:\/\/gut-werbung.ch\/team-mitglied\/","title":{"rendered":"\u00dcbersicht"},"content":{"rendered":"<p><a href=\"https:\/\/gut-werbung.ch\/team-mitglied\/andre-weihermueller\/\">Andr\u00e9 Weiherm\u00fcller<\/a><br \/>\n<a href=\"https:\/\/gut-werbung.ch\/team-mitglied\/andrej-oelze\/\">Andrej Oelze<\/a><br \/>\n<a href=\"https:\/\/gut-werbung.ch\/team-mitglied\/arina-meister\/\">Arina Meister<\/a><br \/>\n<a href=\"https:\/\/gut-werbung.ch\/team-mitglied\/caesar-bolliger\/\">C\u00e4sar Bolliger<\/a><br \/>\n<a href=\"https:\/\/gut-werbung.ch\/team-mitglied\/connie-tannert\/\">Connie Tannert<\/a><br \/>\n<a href=\"https:\/\/gut-werbung.ch\/team-mitglied\/dietmar-reuss\/\">Dietmar Reuss<\/a><br \/>\n<a href=\"https:\/\/gut-werbung.ch\/team-mitglied\/ines-gut\/\">Ines Gut<\/a><br \/>\n<a href=\"https:\/\/gut-werbung.ch\/team-mitglied\/lea-schnitzer\/\">Lea Schnitzer<\/a><br \/>\n<a href=\"https:\/\/gut-werbung.ch\/team-mitglied\/marcia-hansert\/\">Marcia Hansert<\/a><br \/>\n<a href=\"https:\/\/gut-werbung.ch\/team-mitglied\/sarina-mueller\/\">Sarina Trompeter<\/a><br \/>\n<a href=\"https:\/\/gut-werbung.ch\/team-mitglied\/thomas-gut\/\">Thomas Gut<\/a><br \/>\n<a href=\"https:\/\/gut-werbung.ch\/team-mitglied\/toms-gutmanis\/\">Toms Gutmanis<\/a><\/p>\n","protected":false},"excerpt":{"rendered":"<p>Andr\u00e9 Weiherm\u00fcller Andrej Oelze Arina Meister C\u00e4sar Bolliger Connie Tannert Dietmar Reuss Ines Gut Lea Schnitzer Marcia Hansert Sarina Trompeter Thomas Gut Toms Gutmanis<\/p>\n","protected":false},"author":3,"featured_media":0,"parent":0,"menu_order":0,"comment_status":"closed","ping_status":"closed","template":"","meta":{"inline_featured_image":false,"footnotes":""},"seitentyp":[],"class_list":["post-539","page","type-page","status-publish","hentry"],"_links":{"self":[{"href":"https:\/\/gut-werbung.ch\/team-mitglied\/wp-json\/wp\/v2\/pages\/539","targetHints":{"allow":["GET"]}}],"collection":[{"href":"https:\/\/gut-werbung.ch\/team-mitglied\/wp-json\/wp\/v2\/pages"}],"about":[{"href":"https:\/\/gut-werbung.ch\/team-mitglied\/wp-json\/wp\/v2\/types\/page"}],"author":[{"embeddable":true,"href":"https:\/\/gut-werbung.ch\/team-mitglied\/wp-json\/wp\/v2\/users\/3"}],"replies":[{"embeddable":true,"href":"https:\/\/gut-werbung.ch\/team-mitglied\/wp-json\/wp\/v2\/comments?post=539"}],"version-history":[{"count":12,"href":"https:\/\/gut-werbung.ch\/team-mitglied\/wp-json\/wp\/v2\/pages\/539\/revisions"}],"predecessor-version":[{"id":810,"href":"https:\/\/gut-werbung.ch\/team-mitglied\/wp-json\/wp\/v2\/pages\/539\/revisions\/810"}],"wp:attachment":[{"href":"https:\/\/gut-werbung.ch\/team-mitglied\/wp-json\/wp\/v2\/media?parent=539"}],"wp:term":[{"taxonomy":"seitentyp","embeddable":true,"href":"https:\/\/gut-werbung.ch\/team-mitglied\/wp-json\/wp\/v2\/seitentyp?post=539"}],"curies":[{"name":"wp","href":"https:\/\/api.w.org\/{rel}","templated":true}]}}